{"id":1044,"date":"2016-06-23T10:50:57","date_gmt":"2016-06-23T14:50:57","guid":{"rendered":"https:\/\/afpinclusivegiving.ca\/fr\/?page_id=1044"},"modified":"2019-07-19T13:25:44","modified_gmt":"2019-07-19T17:25:44","slug":"rapport-dimpact","status":"publish","type":"page","link":"https:\/\/afpinclusivegiving.ca\/fr\/a-propos\/rapport-dimpact\/","title":{"rendered":"Rapports d\u2019impact"},"content":{"rendered":"<div class=\"wpb-content-wrapper\"><p>[vc_row][vc_column][vc_column_text]Nos Rapports d\u2019impact sur les sont maintenant disponible. T\u00e9l\u00e9chargez les Rapports d\u2019impact sur les premi\u00e8res 2 ann\u00e9es du Programme (ou consultez-le en format Flip PDF) pour voir \u00e0 quel point le programme aide \u00e0 guider l\u2019avenir de la philanthropie, le rendant fort, durable et diversifi\u00e9, en soutenant les candidats dans leur parcours d\u2019inclusion et de leadership.[\/vc_column_text][vc_custom_heading text=\u00a0\u00bbRapport d&rsquo;impact 2016&Prime; font_container=\u00a0\u00bbtag:h3|text_align:left\u00a0\u00bb use_theme_fonts=\u00a0\u00bbyes\u00a0\u00bb][vc_row_inner][vc_column_inner width=\u00a0\u00bb1\/4&Prime;][vc_btn title=\u00a0\u00bbT\u00e9l\u00e9chargez-le PDF\u00a0\u00bb style=\u00a0\u00bbflat\u00a0\u00bb i_icon_fontawesome=\u00a0\u00bbfa fa-cloud-download\u00a0\u00bb add_icon=\u00a0\u00bbtrue\u00a0\u00bb link=\u00a0\u00bburl:http%3A%2F%2Fwww.afpinclusivegiving.ca%2Fwp-content%2Fuploads%2F2019%2F07%2FAFP-Foundation-Diversity-Fellowship-Impact-Report-2019-French.pdf||target:%20_blank|\u00a0\u00bb][\/vc_column_inner][vc_column_inner width=\u00a0\u00bb1\/2&Prime;][\/vc_column_inner][vc_column_inner width=\u00a0\u00bb1\/4&Prime;]<br \/>\n[\/vc_column_inner][\/vc_row_inner][vc_custom_heading text=\u00a0\u00bbRapport d&rsquo;impact 2016&Prime; font_container=\u00a0\u00bbtag:h3|text_align:left\u00a0\u00bb use_theme_fonts=\u00a0\u00bbyes\u00a0\u00bb][vc_row_inner][vc_column_inner width=\u00a0\u00bb1\/4&Prime;][vc_btn title=\u00a0\u00bbT\u00e9l\u00e9chargez-le PDF\u00a0\u00bb style=\u00a0\u00bbflat\u00a0\u00bb i_icon_fontawesome=\u00a0\u00bbfa fa-cloud-download\u00a0\u00bb add_icon=\u00a0\u00bbtrue\u00a0\u00bb link=\u00a0\u00bburl:http%3A%2F%2Fwww.afpinclusivegiving.ca%2Fwp-content%2Fuploads%2F2018%2F10%2FAFP-DiversityReport2016-FR-web2.pdf||target:%20_blank|\u00a0\u00bb][\/vc_column_inner][vc_column_inner width=\u00a0\u00bb1\/2&Prime;][vc_btn title=\u00a0\u00bbConsultez-le en format Flip PDF\u00a0\u00bb style=\u00a0\u00bbflat\u00a0\u00bb i_icon_fontawesome=\u00a0\u00bbfa fa-search-plus\u00a0\u00bb add_icon=\u00a0\u00bbtrue\u00a0\u00bb link=\u00a0\u00bburl:http%3A%2F%2Fwww.afpinclusivegiving.ca%2Fwp-content%2Fuploads%2F2016-impact-report-fr%2Findex.html||target:%20_blank\u00a0\u00bb][\/vc_column_inner][vc_column_inner width=\u00a0\u00bb1\/4&Prime;]<br \/>\n[\/vc_column_inner][\/vc_row_inner][vc_custom_heading text=\u00a0\u00bbRapport d&rsquo;impact 2015&Prime; font_container=\u00a0\u00bbtag:h3|text_align:left\u00a0\u00bb use_theme_fonts=\u00a0\u00bbyes\u00a0\u00bb][vc_row_inner][vc_column_inner width=\u00a0\u00bb1\/4&Prime;][vc_btn title=\u00a0\u00bbT\u00e9l\u00e9chargez-le PDF\u00a0\u00bb style=\u00a0\u00bbflat\u00a0\u00bb i_icon_fontawesome=\u00a0\u00bbfa fa-cloud-download\u00a0\u00bb add_icon=\u00a0\u00bbtrue\u00a0\u00bb link=\u00a0\u00bburl:http%3A%2F%2Fwww.afpinclusivegiving.ca%2Fwp-content%2Fuploads%2F2016%2F05%2FAFP-DiversityReport2015-FR-final-web.pdf||target:%20_blank|\u00a0\u00bb][\/vc_column_inner][vc_column_inner width=\u00a0\u00bb1\/2&Prime;][vc_btn title=\u00a0\u00bbConsultez-le en format Flip PDF\u00a0\u00bb style=\u00a0\u00bbflat\u00a0\u00bb i_icon_fontawesome=\u00a0\u00bbfa fa-search-plus\u00a0\u00bb add_icon=\u00a0\u00bbtrue\u00a0\u00bb link=\u00a0\u00bburl:http%3A%2F%2Fwww.afpinclusivegiving.ca%2Fwp-content%2Fuploads%2F2015-impact-report-fr%2Findex.html||target:%20_blank|\u00a0\u00bb][\/vc_column_inner][vc_column_inner width=\u00a0\u00bb1\/4&Prime;][\/vc_column_inner][\/vc_row_inner][\/vc_column][\/vc_row]<\/p>\n<\/div>","protected":false},"excerpt":{"rendered":"<p>[vc_row][vc_column][vc_column_text]Nos Rapports d\u2019impact sur les sont maintenant disponible. T\u00e9l\u00e9chargez les Rapports d\u2019impact sur les premi\u00e8res 2 ann\u00e9es du Programme (ou consultez-le en format Flip PDF) pour voir \u00e0 quel point le programme aide \u00e0 guider l\u2019avenir de la philanthropie, le rendant fort, durable et diversifi\u00e9, en soutenant les candidats dans leur parcours d\u2019inclusion et de &hellip; <a href=\"https:\/\/afpinclusivegiving.ca\/fr\/a-propos\/rapport-dimpact\/\" class=\"more-link\">Continue reading <span class=\"meta-nav\">&rarr;<\/span><\/a><\/p>\n","protected":false},"author":1,"featured_media":0,"parent":94,"menu_order":0,"comment_status":"closed","ping_status":"closed","template":"","meta":{"footnotes":"","_expiration-date-status":"saved","_expiration-date":0,"_expiration-date-type":"","_expiration-date-categories":[],"_expiration-date-options":[]},"class_list":["post-1044","page","type-page","status-publish","hentry"],"acf":[],"yoast_head":"<!-- This site is optimized with the Yoast SEO plugin v20.2.1 - https:\/\/yoast.com\/wordpress\/plugins\/seo\/ -->\n<title>Rapports d\u2019impact - PROGRAMME DE BOURSES EN INCLUSION ET PHILANTHROPIE<\/title>\n<meta name=\"robots\" content=\"index, follow, max-snippet:-1, max-image-preview:large, max-video-preview:-1\" \/>\n<link rel=\"canonical\" href=\"https:\/\/afpinclusivegiving.ca\/fr\/a-propos\/rapport-dimpact\/\" \/>\n<meta property=\"og:locale\" content=\"fr_FR\" \/>\n<meta property=\"og:type\" content=\"article\" \/>\n<meta property=\"og:title\" content=\"Rapports d\u2019impact - PROGRAMME DE BOURSES EN INCLUSION ET PHILANTHROPIE\" \/>\n<meta property=\"og:description\" content=\"[vc_row][vc_column][vc_column_text]Nos Rapports d\u2019impact sur les sont maintenant disponible. T\u00e9l\u00e9chargez les Rapports d\u2019impact sur les premi\u00e8res 2 ann\u00e9es du Programme (ou consultez-le en format Flip PDF) pour voir \u00e0 quel point le programme aide \u00e0 guider l\u2019avenir de la philanthropie, le rendant fort, durable et diversifi\u00e9, en soutenant les candidats dans leur parcours d\u2019inclusion et de &hellip; Continue reading &rarr;\" \/>\n<meta property=\"og:url\" content=\"https:\/\/afpinclusivegiving.ca\/fr\/a-propos\/rapport-dimpact\/\" \/>\n<meta property=\"og:site_name\" content=\"PROGRAMME DE BOURSES EN INCLUSION ET PHILANTHROPIE\" \/>\n<meta property=\"article:modified_time\" content=\"2019-07-19T17:25:44+00:00\" \/>\n<meta name=\"twitter:label1\" content=\"Dur\u00e9e de lecture estim\u00e9e\" \/>\n\t<meta name=\"twitter:data1\" content=\"2 minutes\" \/>\n<script type=\"application\/ld+json\" class=\"yoast-schema-graph\">{\"@context\":\"https:\/\/schema.org\",\"@graph\":[{\"@type\":\"WebPage\",\"@id\":\"https:\/\/afpinclusivegiving.ca\/fr\/a-propos\/rapport-dimpact\/\",\"url\":\"https:\/\/afpinclusivegiving.ca\/fr\/a-propos\/rapport-dimpact\/\",\"name\":\"Rapports d\u2019impact - PROGRAMME DE BOURSES EN INCLUSION ET PHILANTHROPIE\",\"isPartOf\":{\"@id\":\"https:\/\/afpinclusivegiving.ca\/fr\/#website\"},\"datePublished\":\"2016-06-23T14:50:57+00:00\",\"dateModified\":\"2019-07-19T17:25:44+00:00\",\"breadcrumb\":{\"@id\":\"https:\/\/afpinclusivegiving.ca\/fr\/a-propos\/rapport-dimpact\/#breadcrumb\"},\"inLanguage\":\"fr-FR\",\"potentialAction\":[{\"@type\":\"ReadAction\",\"target\":[\"https:\/\/afpinclusivegiving.ca\/fr\/a-propos\/rapport-dimpact\/\"]}]},{\"@type\":\"BreadcrumbList\",\"@id\":\"https:\/\/afpinclusivegiving.ca\/fr\/a-propos\/rapport-dimpact\/#breadcrumb\",\"itemListElement\":[{\"@type\":\"ListItem\",\"position\":1,\"name\":\"Home\",\"item\":\"https:\/\/afpinclusivegiving.ca\/fr\/\"},{\"@type\":\"ListItem\",\"position\":2,\"name\":\"\u00c0 propos\",\"item\":\"https:\/\/afpinclusivegiving.ca\/fr\/a-propos\/\"},{\"@type\":\"ListItem\",\"position\":3,\"name\":\"Rapports d\u2019impact\"}]},{\"@type\":\"WebSite\",\"@id\":\"https:\/\/afpinclusivegiving.ca\/fr\/#website\",\"url\":\"https:\/\/afpinclusivegiving.ca\/fr\/\",\"name\":\"PROGRAMME DE BOURSES EN INCLUSION ET PHILANTHROPIE\",\"description\":\"\",\"potentialAction\":[{\"@type\":\"SearchAction\",\"target\":{\"@type\":\"EntryPoint\",\"urlTemplate\":\"https:\/\/afpinclusivegiving.ca\/fr\/?s={search_term_string}\"},\"query-input\":\"required name=search_term_string\"}],\"inLanguage\":\"fr-FR\"}]}<\/script>\n<!-- \/ Yoast SEO plugin. -->","yoast_head_json":{"title":"Rapports d\u2019impact - PROGRAMME DE BOURSES EN INCLUSION ET PHILANTHROPIE","robots":{"index":"index","follow":"follow","max-snippet":"max-snippet:-1","max-image-preview":"max-image-preview:large","max-video-preview":"max-video-preview:-1"},"canonical":"https:\/\/afpinclusivegiving.ca\/fr\/a-propos\/rapport-dimpact\/","og_locale":"fr_FR","og_type":"article","og_title":"Rapports d\u2019impact - PROGRAMME DE BOURSES EN INCLUSION ET PHILANTHROPIE","og_description":"[vc_row][vc_column][vc_column_text]Nos Rapports d\u2019impact sur les sont maintenant disponible. T\u00e9l\u00e9chargez les Rapports d\u2019impact sur les premi\u00e8res 2 ann\u00e9es du Programme (ou consultez-le en format Flip PDF) pour voir \u00e0 quel point le programme aide \u00e0 guider l\u2019avenir de la philanthropie, le rendant fort, durable et diversifi\u00e9, en soutenant les candidats dans leur parcours d\u2019inclusion et de &hellip; Continue reading &rarr;","og_url":"https:\/\/afpinclusivegiving.ca\/fr\/a-propos\/rapport-dimpact\/","og_site_name":"PROGRAMME DE BOURSES EN INCLUSION ET PHILANTHROPIE","article_modified_time":"2019-07-19T17:25:44+00:00","twitter_misc":{"Dur\u00e9e de lecture estim\u00e9e":"2 minutes"},"schema":{"@context":"https:\/\/schema.org","@graph":[{"@type":"WebPage","@id":"https:\/\/afpinclusivegiving.ca\/fr\/a-propos\/rapport-dimpact\/","url":"https:\/\/afpinclusivegiving.ca\/fr\/a-propos\/rapport-dimpact\/","name":"Rapports d\u2019impact - PROGRAMME DE BOURSES EN INCLUSION ET PHILANTHROPIE","isPartOf":{"@id":"https:\/\/afpinclusivegiving.ca\/fr\/#website"},"datePublished":"2016-06-23T14:50:57+00:00","dateModified":"2019-07-19T17:25:44+00:00","breadcrumb":{"@id":"https:\/\/afpinclusivegiving.ca\/fr\/a-propos\/rapport-dimpact\/#breadcrumb"},"inLanguage":"fr-FR","potentialAction":[{"@type":"ReadAction","target":["https:\/\/afpinclusivegiving.ca\/fr\/a-propos\/rapport-dimpact\/"]}]},{"@type":"BreadcrumbList","@id":"https:\/\/afpinclusivegiving.ca\/fr\/a-propos\/rapport-dimpact\/#breadcrumb","itemListElement":[{"@type":"ListItem","position":1,"name":"Home","item":"https:\/\/afpinclusivegiving.ca\/fr\/"},{"@type":"ListItem","position":2,"name":"\u00c0 propos","item":"https:\/\/afpinclusivegiving.ca\/fr\/a-propos\/"},{"@type":"ListItem","position":3,"name":"Rapports d\u2019impact"}]},{"@type":"WebSite","@id":"https:\/\/afpinclusivegiving.ca\/fr\/#website","url":"https:\/\/afpinclusivegiving.ca\/fr\/","name":"PROGRAMME DE BOURSES EN INCLUSION ET PHILANTHROPIE","description":"","potentialAction":[{"@type":"SearchAction","target":{"@type":"EntryPoint","urlTemplate":"https:\/\/afpinclusivegiving.ca\/fr\/?s={search_term_string}"},"query-input":"required name=search_term_string"}],"inLanguage":"fr-FR"}]}},"_links":{"self":[{"href":"https:\/\/afpinclusivegiving.ca\/fr\/wp-json\/wp\/v2\/pages\/1044","targetHints":{"allow":["GET"]}}],"collection":[{"href":"https:\/\/afpinclusivegiving.ca\/fr\/wp-json\/wp\/v2\/pages"}],"about":[{"href":"https:\/\/afpinclusivegiving.ca\/fr\/wp-json\/wp\/v2\/types\/page"}],"author":[{"embeddable":true,"href":"https:\/\/afpinclusivegiving.ca\/fr\/wp-json\/wp\/v2\/users\/1"}],"replies":[{"embeddable":true,"href":"https:\/\/afpinclusivegiving.ca\/fr\/wp-json\/wp\/v2\/comments?post=1044"}],"version-history":[{"count":14,"href":"https:\/\/afpinclusivegiving.ca\/fr\/wp-json\/wp\/v2\/pages\/1044\/revisions"}],"predecessor-version":[{"id":2044,"href":"https:\/\/afpinclusivegiving.ca\/fr\/wp-json\/wp\/v2\/pages\/1044\/revisions\/2044"}],"up":[{"embeddable":true,"href":"https:\/\/afpinclusivegiving.ca\/fr\/wp-json\/wp\/v2\/pages\/94"}],"wp:attachment":[{"href":"https:\/\/afpinclusivegiving.ca\/fr\/wp-json\/wp\/v2\/media?parent=1044"}],"curies":[{"name":"wp","href":"https:\/\/api.w.org\/{rel}","templated":true}]}}