{"id":13,"date":"2015-04-17T15:16:56","date_gmt":"2015-04-17T19:16:56","guid":{"rendered":"https:\/\/afpinclusivegiving.ca.php53-25.ord1-1.websitetestlink.com\/?page_id=13"},"modified":"2015-06-12T13:41:25","modified_gmt":"2015-06-12T17:41:25","slug":"politique-de-confidentialite","status":"publish","type":"page","link":"https:\/\/afpinclusivegiving.ca\/fr\/politique-de-confidentialite\/","title":{"rendered":"Politique de confidentialit\u00e9"},"content":{"rendered":"<ol>\n<li>Projet de philanthropie inclusive de l&rsquo;AFP ne recueille que les renseignements personnels que vous lui fournissez volontairement, par exemple en remplissant un formulaire ou en r\u00e9pondant \u00e0 un sondage.<\/li>\n<li>Projet de philanthropie inclusive de l&rsquo;AFP ne vend ni ne pr\u00eate les renseignements qu\u2019elle recueille \u00e0 aucun groupe de marketing externe.<\/li>\n<li>Il est possible que nous recueillions des donn\u00e9es sur l\u2019achalandage afin de continuer \u00e0 adapter notre site aux besoins de ses utilisateurs. Aucune de ces donn\u00e9es n\u2019est personnelle; il s\u2019agit plut\u00f4t d\u2019information sur votre visite sur le site, par exemple :\n<ol>\n<li>le nom de votre fournisseur Internet, son adresse IP et le type de service du fournisseur;<\/li>\n<li>la dur\u00e9e de la visite;<\/li>\n<li>le nombre de requ\u00eates pendant la visite;<\/li>\n<li>le type de votre syst\u00e8me d\u2019exploitation (Windows, MacIntosh, Unix, etc.);<\/li>\n<li>le type de notre navigateur (Firefox, Internet Explorer, etc.).<\/li>\n<\/ol>\n<\/li>\n<li>Deux lois canadiennes visent la protection de la vie priv\u00e9e, soit la Loi sur la protection des renseignements personnels et la Loi sur la protection des renseignements personnels et les documents \u00e9lectroniques (LPRPDE), cette derni\u00e8re prenant appui sur le Code type sur la protection des renseignements personnels de l\u2019Association canadienne de normalisation, un mod\u00e8le qui a d\u2019ailleurs \u00e9t\u00e9 int\u00e9gr\u00e9 \u00e0 la l\u00e9gislation. De leur c\u00f4t\u00e9, les organismes qu\u00e9b\u00e9cois doivent se conformer \u00e0 la Loi sur la protection des renseignements personnels dans le secteur<\/li>\n<\/ol>\n","protected":false},"excerpt":{"rendered":"<p>Projet de philanthropie inclusive de l&rsquo;AFP ne recueille que les renseignements personnels que vous lui fournissez volontairement, par exemple en remplissant un formulaire ou en r\u00e9pondant \u00e0 un sondage. Projet de philanthropie inclusive de l&rsquo;AFP ne vend ni ne pr\u00eate les renseignements qu\u2019elle recueille \u00e0 aucun groupe de marketing externe. Il est possible que nous &hellip; <a href=\"https:\/\/afpinclusivegiving.ca\/fr\/politique-de-confidentialite\/\" class=\"more-link\">Continue reading <span class=\"meta-nav\">&rarr;<\/span><\/a><\/p>\n","protected":false},"author":1,"featured_media":0,"parent":0,"menu_order":0,"comment_status":"open","ping_status":"open","template":"","meta":{"footnotes":"","_expiration-date-status":"saved","_expiration-date":0,"_expiration-date-type":"","_expiration-date-categories":[],"_expiration-date-options":[]},"class_list":["post-13","page","type-page","status-publish","hentry"],"acf":[],"yoast_head":"<!-- This site is optimized with the Yoast SEO plugin v20.2.1 - https:\/\/yoast.com\/wordpress\/plugins\/seo\/ -->\n<title>Politique de confidentialit\u00e9 - PROGRAMME DE BOURSES EN INCLUSION ET PHILANTHROPIE<\/title>\n<meta name=\"robots\" content=\"index, follow, max-snippet:-1, max-image-preview:large, max-video-preview:-1\" \/>\n<link rel=\"canonical\" href=\"https:\/\/afpinclusivegiving.ca\/fr\/politique-de-confidentialite\/\" \/>\n<meta property=\"og:locale\" content=\"fr_FR\" \/>\n<meta property=\"og:type\" content=\"article\" \/>\n<meta property=\"og:title\" content=\"Politique de confidentialit\u00e9 - PROGRAMME DE BOURSES EN INCLUSION ET PHILANTHROPIE\" \/>\n<meta property=\"og:description\" content=\"Projet de philanthropie inclusive de l&rsquo;AFP ne recueille que les renseignements personnels que vous lui fournissez volontairement, par exemple en remplissant un formulaire ou en r\u00e9pondant \u00e0 un sondage. Projet de philanthropie inclusive de l&rsquo;AFP ne vend ni ne pr\u00eate les renseignements qu\u2019elle recueille \u00e0 aucun groupe de marketing externe. Il est possible que nous &hellip; Continue reading &rarr;\" \/>\n<meta property=\"og:url\" content=\"https:\/\/afpinclusivegiving.ca\/fr\/politique-de-confidentialite\/\" \/>\n<meta property=\"og:site_name\" content=\"PROGRAMME DE BOURSES EN INCLUSION ET PHILANTHROPIE\" \/>\n<meta property=\"article:modified_time\" content=\"2015-06-12T17:41:25+00:00\" \/>\n<meta name=\"twitter:label1\" content=\"Dur\u00e9e de lecture estim\u00e9e\" \/>\n\t<meta name=\"twitter:data1\" content=\"1 minute\" \/>\n<script type=\"application\/ld+json\" class=\"yoast-schema-graph\">{\"@context\":\"https:\/\/schema.org\",\"@graph\":[{\"@type\":\"WebPage\",\"@id\":\"https:\/\/afpinclusivegiving.ca\/fr\/politique-de-confidentialite\/\",\"url\":\"https:\/\/afpinclusivegiving.ca\/fr\/politique-de-confidentialite\/\",\"name\":\"Politique de confidentialit\u00e9 - PROGRAMME DE BOURSES EN INCLUSION ET PHILANTHROPIE\",\"isPartOf\":{\"@id\":\"https:\/\/afpinclusivegiving.ca\/fr\/#website\"},\"datePublished\":\"2015-04-17T19:16:56+00:00\",\"dateModified\":\"2015-06-12T17:41:25+00:00\",\"breadcrumb\":{\"@id\":\"https:\/\/afpinclusivegiving.ca\/fr\/politique-de-confidentialite\/#breadcrumb\"},\"inLanguage\":\"fr-FR\",\"potentialAction\":[{\"@type\":\"ReadAction\",\"target\":[\"https:\/\/afpinclusivegiving.ca\/fr\/politique-de-confidentialite\/\"]}]},{\"@type\":\"BreadcrumbList\",\"@id\":\"https:\/\/afpinclusivegiving.ca\/fr\/politique-de-confidentialite\/#breadcrumb\",\"itemListElement\":[{\"@type\":\"ListItem\",\"position\":1,\"name\":\"Home\",\"item\":\"https:\/\/afpinclusivegiving.ca\/fr\/\"},{\"@type\":\"ListItem\",\"position\":2,\"name\":\"Politique de confidentialit\u00e9\"}]},{\"@type\":\"WebSite\",\"@id\":\"https:\/\/afpinclusivegiving.ca\/fr\/#website\",\"url\":\"https:\/\/afpinclusivegiving.ca\/fr\/\",\"name\":\"PROGRAMME DE BOURSES EN INCLUSION ET PHILANTHROPIE\",\"description\":\"\",\"potentialAction\":[{\"@type\":\"SearchAction\",\"target\":{\"@type\":\"EntryPoint\",\"urlTemplate\":\"https:\/\/afpinclusivegiving.ca\/fr\/?s={search_term_string}\"},\"query-input\":\"required name=search_term_string\"}],\"inLanguage\":\"fr-FR\"}]}<\/script>\n<!-- \/ Yoast SEO plugin. -->","yoast_head_json":{"title":"Politique de confidentialit\u00e9 - PROGRAMME DE BOURSES EN INCLUSION ET PHILANTHROPIE","robots":{"index":"index","follow":"follow","max-snippet":"max-snippet:-1","max-image-preview":"max-image-preview:large","max-video-preview":"max-video-preview:-1"},"canonical":"https:\/\/afpinclusivegiving.ca\/fr\/politique-de-confidentialite\/","og_locale":"fr_FR","og_type":"article","og_title":"Politique de confidentialit\u00e9 - PROGRAMME DE BOURSES EN INCLUSION ET PHILANTHROPIE","og_description":"Projet de philanthropie inclusive de l&rsquo;AFP ne recueille que les renseignements personnels que vous lui fournissez volontairement, par exemple en remplissant un formulaire ou en r\u00e9pondant \u00e0 un sondage. Projet de philanthropie inclusive de l&rsquo;AFP ne vend ni ne pr\u00eate les renseignements qu\u2019elle recueille \u00e0 aucun groupe de marketing externe. Il est possible que nous &hellip; Continue reading &rarr;","og_url":"https:\/\/afpinclusivegiving.ca\/fr\/politique-de-confidentialite\/","og_site_name":"PROGRAMME DE BOURSES EN INCLUSION ET PHILANTHROPIE","article_modified_time":"2015-06-12T17:41:25+00:00","twitter_misc":{"Dur\u00e9e de lecture estim\u00e9e":"1 minute"},"schema":{"@context":"https:\/\/schema.org","@graph":[{"@type":"WebPage","@id":"https:\/\/afpinclusivegiving.ca\/fr\/politique-de-confidentialite\/","url":"https:\/\/afpinclusivegiving.ca\/fr\/politique-de-confidentialite\/","name":"Politique de confidentialit\u00e9 - PROGRAMME DE BOURSES EN INCLUSION ET PHILANTHROPIE","isPartOf":{"@id":"https:\/\/afpinclusivegiving.ca\/fr\/#website"},"datePublished":"2015-04-17T19:16:56+00:00","dateModified":"2015-06-12T17:41:25+00:00","breadcrumb":{"@id":"https:\/\/afpinclusivegiving.ca\/fr\/politique-de-confidentialite\/#breadcrumb"},"inLanguage":"fr-FR","potentialAction":[{"@type":"ReadAction","target":["https:\/\/afpinclusivegiving.ca\/fr\/politique-de-confidentialite\/"]}]},{"@type":"BreadcrumbList","@id":"https:\/\/afpinclusivegiving.ca\/fr\/politique-de-confidentialite\/#breadcrumb","itemListElement":[{"@type":"ListItem","position":1,"name":"Home","item":"https:\/\/afpinclusivegiving.ca\/fr\/"},{"@type":"ListItem","position":2,"name":"Politique de confidentialit\u00e9"}]},{"@type":"WebSite","@id":"https:\/\/afpinclusivegiving.ca\/fr\/#website","url":"https:\/\/afpinclusivegiving.ca\/fr\/","name":"PROGRAMME DE BOURSES EN INCLUSION ET PHILANTHROPIE","description":"","potentialAction":[{"@type":"SearchAction","target":{"@type":"EntryPoint","urlTemplate":"https:\/\/afpinclusivegiving.ca\/fr\/?s={search_term_string}"},"query-input":"required name=search_term_string"}],"inLanguage":"fr-FR"}]}},"_links":{"self":[{"href":"https:\/\/afpinclusivegiving.ca\/fr\/wp-json\/wp\/v2\/pages\/13","targetHints":{"allow":["GET"]}}],"collection":[{"href":"https:\/\/afpinclusivegiving.ca\/fr\/wp-json\/wp\/v2\/pages"}],"about":[{"href":"https:\/\/afpinclusivegiving.ca\/fr\/wp-json\/wp\/v2\/types\/page"}],"author":[{"embeddable":true,"href":"https:\/\/afpinclusivegiving.ca\/fr\/wp-json\/wp\/v2\/users\/1"}],"replies":[{"embeddable":true,"href":"https:\/\/afpinclusivegiving.ca\/fr\/wp-json\/wp\/v2\/comments?post=13"}],"version-history":[{"count":0,"href":"https:\/\/afpinclusivegiving.ca\/fr\/wp-json\/wp\/v2\/pages\/13\/revisions"}],"wp:attachment":[{"href":"https:\/\/afpinclusivegiving.ca\/fr\/wp-json\/wp\/v2\/media?parent=13"}],"curies":[{"name":"wp","href":"https:\/\/api.w.org\/{rel}","templated":true}]}}