{"id":94,"date":"2015-05-27T15:16:15","date_gmt":"2015-05-27T19:16:15","guid":{"rendered":"https:\/\/afpinclusivegiving.ca.php53-25.ord1-1.websitetestlink.com\/?page_id=94"},"modified":"2019-05-15T10:20:18","modified_gmt":"2019-05-15T14:20:18","slug":"a-propos","status":"publish","type":"page","link":"https:\/\/afpinclusivegiving.ca\/fr\/a-propos\/","title":{"rendered":"\u00c0 propos"},"content":{"rendered":"<p>La Fondation canadienne pour la philanthropie de l\u2019AFP est heureuse de <strong>lancer \u00e0 l\u2019\u00e9chelle nationale le Programme de bourses en inclusion et philanthropie<\/strong>, gr\u00e2ce au soutien financier de <a href=\"https:\/\/www.canada.ca\/fr\/patrimoine-canadien.html\" target=\"_blank\" rel=\"noopener\">Patrimoine canadien<\/a>. Ce programme offrira des occasions de formation sp\u00e9cialis\u00e9e, de perfectionnement professionnel et de mentorat \u00e0 de nouveaux professionnels et \u00e0 des professionnels de niveau interm\u00e9diaire du secteur sans but lucratif issus de divers horizons culturels et repr\u00e9sentant un large \u00e9ventail d\u2019int\u00e9r\u00eats. Le programme vise \u00e0 renforcer la capacit\u00e9 des nouveaux dirigeants du domaine de la collecte de fonds qui sont repr\u00e9sentatifs de la diversit\u00e9 de nos communaut\u00e9s.<\/p>\n<p>Au cours d\u2019une p\u00e9riode de sept mois, les boursiers recevront ce qui suit :<\/p>\n<ul>\n<li>Une adh\u00e9sion gratuite d\u2019un (1) an \u00e0 l\u2019AFP;<\/li>\n<li>Une bourse compl\u00e8te pour participer aux occasions de formation et de perfectionnement professionnel suivantes offertes par l\u2019AFP :\n<ul>\n<li>Congr\u00e8s sur la collecte de fonds de trois jours \u00e0 Toronto, du 19 au 21 novembre 2018, pr\u00e9c\u00e9d\u00e9 d\u2019une formation d\u2019une journ\u00e9e ax\u00e9e sur la diversit\u00e9 et l\u2019inclusion \u00e0 Toronto, le 18 novembre 2018;<\/li>\n<li>Cours sur l\u2019ABC de la collecte de fonds de l\u2019AFP ou \u00ab CFRE Review \u00bb;<\/li>\n<li>Trois webinaires;<\/li>\n<\/ul>\n<\/li>\n<li>Du mentorat individuel d\u2019un cadre sup\u00e9rieur;<\/li>\n<li>Du soutien dans l\u2019\u00e9laboration de politiques et de pratiques organisationnelles en mati\u00e8re de diversit\u00e9 et d\u2019inclusion;<\/li>\n<li>Du soutien de la part de la directrice du programme pendant toute l\u2019ann\u00e9e de la bourse;<\/li>\n<li>Un Certificat de leadership inclusif de l\u2019AFP \u00e0 la fin du programme.<\/li>\n<\/ul>\n<p><em><strong>L<span lang=\"FR-CA\">e processus de demande est maintena<\/span>nt\u00a0clos<span lang=\"FR-CA\">.\u00a0 Revenez nous voir\u00a0sous-peu pour rencontrer la prochaine cohorte de boursiers\/boursi\u00e8res!<\/span><\/strong><\/em><\/p>\n","protected":false},"excerpt":{"rendered":"<p>La Fondation canadienne pour la philanthropie de l\u2019AFP est heureuse de lancer \u00e0 l\u2019\u00e9chelle nationale le Programme de bourses en inclusion et philanthropie, gr\u00e2ce au soutien financier de Patrimoine canadien. Ce programme offrira des occasions de formation sp\u00e9cialis\u00e9e, de perfectionnement professionnel et de mentorat \u00e0 de nouveaux professionnels et \u00e0 des professionnels de niveau interm\u00e9diaire &hellip; <a href=\"https:\/\/afpinclusivegiving.ca\/fr\/a-propos\/\" class=\"more-link\">Continue reading <span class=\"meta-nav\">&rarr;<\/span><\/a><\/p>\n","protected":false},"author":1,"featured_media":0,"parent":0,"menu_order":0,"comment_status":"closed","ping_status":"closed","template":"","meta":{"footnotes":"","_expiration-date-status":"saved","_expiration-date":0,"_expiration-date-type":"","_expiration-date-categories":[],"_expiration-date-options":[]},"class_list":["post-94","page","type-page","status-publish","hentry"],"acf":[],"yoast_head":"<!-- This site is optimized with the Yoast SEO plugin v20.2.1 - https:\/\/yoast.com\/wordpress\/plugins\/seo\/ -->\n<title>\u00c0 propos - PROGRAMME DE BOURSES EN INCLUSION ET PHILANTHROPIE<\/title>\n<meta name=\"robots\" content=\"index, follow, max-snippet:-1, max-image-preview:large, max-video-preview:-1\" \/>\n<link rel=\"canonical\" href=\"https:\/\/afpinclusivegiving.ca\/fr\/a-propos\/\" \/>\n<meta property=\"og:locale\" content=\"fr_FR\" \/>\n<meta property=\"og:type\" content=\"article\" \/>\n<meta property=\"og:title\" content=\"\u00c0 propos - PROGRAMME DE BOURSES EN INCLUSION ET PHILANTHROPIE\" \/>\n<meta property=\"og:description\" content=\"La Fondation canadienne pour la philanthropie de l\u2019AFP est heureuse de lancer \u00e0 l\u2019\u00e9chelle nationale le Programme de bourses en inclusion et philanthropie, gr\u00e2ce au soutien financier de Patrimoine canadien. Ce programme offrira des occasions de formation sp\u00e9cialis\u00e9e, de perfectionnement professionnel et de mentorat \u00e0 de nouveaux professionnels et \u00e0 des professionnels de niveau interm\u00e9diaire &hellip; Continue reading &rarr;\" \/>\n<meta property=\"og:url\" content=\"https:\/\/afpinclusivegiving.ca\/fr\/a-propos\/\" \/>\n<meta property=\"og:site_name\" content=\"PROGRAMME DE BOURSES EN INCLUSION ET PHILANTHROPIE\" \/>\n<meta property=\"article:modified_time\" content=\"2019-05-15T14:20:18+00:00\" \/>\n<meta name=\"twitter:label1\" content=\"Dur\u00e9e de lecture estim\u00e9e\" \/>\n\t<meta name=\"twitter:data1\" content=\"1 minute\" \/>\n<script type=\"application\/ld+json\" class=\"yoast-schema-graph\">{\"@context\":\"https:\/\/schema.org\",\"@graph\":[{\"@type\":\"WebPage\",\"@id\":\"https:\/\/afpinclusivegiving.ca\/fr\/a-propos\/\",\"url\":\"https:\/\/afpinclusivegiving.ca\/fr\/a-propos\/\",\"name\":\"\u00c0 propos - PROGRAMME DE BOURSES EN INCLUSION ET PHILANTHROPIE\",\"isPartOf\":{\"@id\":\"https:\/\/afpinclusivegiving.ca\/fr\/#website\"},\"datePublished\":\"2015-05-27T19:16:15+00:00\",\"dateModified\":\"2019-05-15T14:20:18+00:00\",\"breadcrumb\":{\"@id\":\"https:\/\/afpinclusivegiving.ca\/fr\/a-propos\/#breadcrumb\"},\"inLanguage\":\"fr-FR\",\"potentialAction\":[{\"@type\":\"ReadAction\",\"target\":[\"https:\/\/afpinclusivegiving.ca\/fr\/a-propos\/\"]}]},{\"@type\":\"BreadcrumbList\",\"@id\":\"https:\/\/afpinclusivegiving.ca\/fr\/a-propos\/#breadcrumb\",\"itemListElement\":[{\"@type\":\"ListItem\",\"position\":1,\"name\":\"Home\",\"item\":\"https:\/\/afpinclusivegiving.ca\/fr\/\"},{\"@type\":\"ListItem\",\"position\":2,\"name\":\"\u00c0 propos\"}]},{\"@type\":\"WebSite\",\"@id\":\"https:\/\/afpinclusivegiving.ca\/fr\/#website\",\"url\":\"https:\/\/afpinclusivegiving.ca\/fr\/\",\"name\":\"PROGRAMME DE BOURSES EN INCLUSION ET PHILANTHROPIE\",\"description\":\"\",\"potentialAction\":[{\"@type\":\"SearchAction\",\"target\":{\"@type\":\"EntryPoint\",\"urlTemplate\":\"https:\/\/afpinclusivegiving.ca\/fr\/?s={search_term_string}\"},\"query-input\":\"required name=search_term_string\"}],\"inLanguage\":\"fr-FR\"}]}<\/script>\n<!-- \/ Yoast SEO plugin. -->","yoast_head_json":{"title":"\u00c0 propos - PROGRAMME DE BOURSES EN INCLUSION ET PHILANTHROPIE","robots":{"index":"index","follow":"follow","max-snippet":"max-snippet:-1","max-image-preview":"max-image-preview:large","max-video-preview":"max-video-preview:-1"},"canonical":"https:\/\/afpinclusivegiving.ca\/fr\/a-propos\/","og_locale":"fr_FR","og_type":"article","og_title":"\u00c0 propos - PROGRAMME DE BOURSES EN INCLUSION ET PHILANTHROPIE","og_description":"La Fondation canadienne pour la philanthropie de l\u2019AFP est heureuse de lancer \u00e0 l\u2019\u00e9chelle nationale le Programme de bourses en inclusion et philanthropie, gr\u00e2ce au soutien financier de Patrimoine canadien. Ce programme offrira des occasions de formation sp\u00e9cialis\u00e9e, de perfectionnement professionnel et de mentorat \u00e0 de nouveaux professionnels et \u00e0 des professionnels de niveau interm\u00e9diaire &hellip; Continue reading &rarr;","og_url":"https:\/\/afpinclusivegiving.ca\/fr\/a-propos\/","og_site_name":"PROGRAMME DE BOURSES EN INCLUSION ET PHILANTHROPIE","article_modified_time":"2019-05-15T14:20:18+00:00","twitter_misc":{"Dur\u00e9e de lecture estim\u00e9e":"1 minute"},"schema":{"@context":"https:\/\/schema.org","@graph":[{"@type":"WebPage","@id":"https:\/\/afpinclusivegiving.ca\/fr\/a-propos\/","url":"https:\/\/afpinclusivegiving.ca\/fr\/a-propos\/","name":"\u00c0 propos - PROGRAMME DE BOURSES EN INCLUSION ET PHILANTHROPIE","isPartOf":{"@id":"https:\/\/afpinclusivegiving.ca\/fr\/#website"},"datePublished":"2015-05-27T19:16:15+00:00","dateModified":"2019-05-15T14:20:18+00:00","breadcrumb":{"@id":"https:\/\/afpinclusivegiving.ca\/fr\/a-propos\/#breadcrumb"},"inLanguage":"fr-FR","potentialAction":[{"@type":"ReadAction","target":["https:\/\/afpinclusivegiving.ca\/fr\/a-propos\/"]}]},{"@type":"BreadcrumbList","@id":"https:\/\/afpinclusivegiving.ca\/fr\/a-propos\/#breadcrumb","itemListElement":[{"@type":"ListItem","position":1,"name":"Home","item":"https:\/\/afpinclusivegiving.ca\/fr\/"},{"@type":"ListItem","position":2,"name":"\u00c0 propos"}]},{"@type":"WebSite","@id":"https:\/\/afpinclusivegiving.ca\/fr\/#website","url":"https:\/\/afpinclusivegiving.ca\/fr\/","name":"PROGRAMME DE BOURSES EN INCLUSION ET PHILANTHROPIE","description":"","potentialAction":[{"@type":"SearchAction","target":{"@type":"EntryPoint","urlTemplate":"https:\/\/afpinclusivegiving.ca\/fr\/?s={search_term_string}"},"query-input":"required name=search_term_string"}],"inLanguage":"fr-FR"}]}},"_links":{"self":[{"href":"https:\/\/afpinclusivegiving.ca\/fr\/wp-json\/wp\/v2\/pages\/94","targetHints":{"allow":["GET"]}}],"collection":[{"href":"https:\/\/afpinclusivegiving.ca\/fr\/wp-json\/wp\/v2\/pages"}],"about":[{"href":"https:\/\/afpinclusivegiving.ca\/fr\/wp-json\/wp\/v2\/types\/page"}],"author":[{"embeddable":true,"href":"https:\/\/afpinclusivegiving.ca\/fr\/wp-json\/wp\/v2\/users\/1"}],"replies":[{"embeddable":true,"href":"https:\/\/afpinclusivegiving.ca\/fr\/wp-json\/wp\/v2\/comments?post=94"}],"version-history":[{"count":9,"href":"https:\/\/afpinclusivegiving.ca\/fr\/wp-json\/wp\/v2\/pages\/94\/revisions"}],"predecessor-version":[{"id":2028,"href":"https:\/\/afpinclusivegiving.ca\/fr\/wp-json\/wp\/v2\/pages\/94\/revisions\/2028"}],"wp:attachment":[{"href":"https:\/\/afpinclusivegiving.ca\/fr\/wp-json\/wp\/v2\/media?parent=94"}],"curies":[{"name":"wp","href":"https:\/\/api.w.org\/{rel}","templated":true}]}}